{"id":439,"date":"2018-10-06T16:13:32","date_gmt":"2018-10-06T14:13:32","guid":{"rendered":"http:\/\/piaer.net\/?page_id=439"},"modified":"2018-10-11T19:40:20","modified_gmt":"2018-10-11T17:40:20","slug":"datenschutzerklaerung","status":"publish","type":"page","link":"https:\/\/piaer.net\/en\/datenschutzerklaerung\/","title":{"rendered":"Datenschutzerkl\u00e4rung"},"content":{"rendered":"<p>Das Institut f\u00fcr Kunst &amp; Kunsttheorie, Universit\u00e4t zu K\u00f6ln, nimmt den Schutz Ihrer personenbezogenen Daten sehr ernst. Wir m\u00f6chten, dass Sie wissen, wann wir welche Daten speichern und wie wir sie verwenden, wenn Sie den Internetauftritt der Universit\u00e4t zu K\u00f6ln benutzen. Personenbezogene Daten werden auf diesem zentralen Web-Server der Universit\u00e4t (<a href=\"http:\/\/www.uni-koeln.de\">www.uni-koeln.de<\/a>) nur im notwendigen Umfang erhoben. In keinem Fall werden die erhobenen Daten verkauft oder aus anderen Gr\u00fcnden an Dritte weitergegeben.<\/p>\n<p>Die nachfolgende Erkl\u00e4rung gem\u00e4\u00df Art. 13 Datenschutzgrundverordnung (DSGVO) gibt Ihnen einen \u00dcberblick dar\u00fcber, wie wir diesen Schutz gew\u00e4hrleisten und welche Art von Daten zu welchem Zweck erhoben werden.<\/p>\n<p>1. Name und die Kontaktdaten des Verantwortlichen<\/p>\n<p>Verantwortliche f\u00fcr die Verarbeitung personenbezogener Daten beim Betrieb dieser Webseite ist:<br \/>\nProf. Dr. Torsten Meyer<br \/>\nUniversit\u00e4t zu K\u00f6ln<br \/>\nInstitut f\u00fcr Kunst- &amp; Kunsttheorie<br \/>\nGronewaldstr. 2<br \/>\nD-50931 K\u00f6ln<\/p>\n<p>Tel.: 0221 \/ 470 \u2013 5780<br \/>\n<a href=\"http:\/\/kunst.uni-koeln.de\">http:\/\/kunst.uni-koeln.de<\/a><\/p>\n<p>2. Kontaktdaten des Datenschutzbeauftragten der Verantwortlichen<\/p>\n<p>Datenschutzbeauftragter der Universit\u00e4t zu K\u00f6ln<br \/>\nAlbertus-Magnus-Platz<br \/>\n50923 K\u00f6ln<br \/>\nTel.: 0221 \/ 470-3872<br \/>\nE-Mail:<a href=\"mailto:dsb(at)verw.uni-koeln.de\">dsb(at)verw.uni-koeln.de<\/a><\/p>\n<p>3. Zwecke, Dauer und Rechtsgrundlage der Verarbeitung personenbezogener Daten<br \/>\n3.1 Web-Protokolle des zentralen WWW-Servers<\/p>\n<p>Diese Website erhebt und speichert automatisch in den Protokolldateien des Web-Servers Informationen, die Ihr Browser an uns \u00fcbermittelt. Dies sind:<br \/>\nBrowsertyp und -version<br \/>\nRechnername oder IP-Adresse des zugreifenden Rechners<br \/>\nUhrzeit der Anfrage an den Server<br \/>\nangefragte Web-Site<\/p>\n<p>Die vor\u00fcbergehende Speicherung der IP-Adresse durch das System ist notwendig, um eine Auslieferung der Website an Ihren Rechner zu erm\u00f6glichen. Hierf\u00fcr muss die IP-Adresse Ihres Rechners f\u00fcr die Dauer der Sitzung gespeichert bleiben.<\/p>\n<p>Zudem dienen uns die Daten zur Sicherstellung der Sicherheit unserer informationstechnischen Systeme und zur Optimierung unserer Website. Eine Auswertung der Daten zu Marketingzwecken findet in diesem Zusammenhang nicht statt.<br \/>\nVon den genannten Daten gilt die IP-Adresse als personenbezogen. Ihre IP-Adresse wird h\u00f6chstens 7 Tage lang gespeichert und dann vollst\u00e4ndig anonymisiert (gel\u00f6scht oder verfremdet). Danach sind die genannten Daten nicht mehr personenbezogen. Sie werden gel\u00f6scht, sobald sie f\u00fcr die Erreichung des Zwecks ihrer Erhebung nicht mehr erforderlich sind.<\/p>\n<p>Rechtsgrundlage f\u00fcr die vor\u00fcbergehende Speicherung der Daten und der Logfiles ist Art. 6 Abs. 1 lit. f DSGVO, denn es besteht ein berechtigtes Interesse der Universit\u00e4t zu K\u00f6ln zur Erkennung und Beseitigung von St\u00f6rungen sowie zur Seitenoptimierung.<\/p>\n<p>3.2 Cookies<br \/>\nRechtsgrundlage f\u00fcr die Verarbeitung der personenbezogenen Daten der Nutzenden im Zusammenhang mit der Verwendung von Cookies ist Art. 6 Abs. 1 lit. f DSGVO, denn es besteht ein berechtigtes Interesse des Instituts f\u00fcr Kunst &amp; Kunsttheroei daran, zu verstehen wie und wie h\u00e4ufig unsere Webseiten aufgerufen werden.<\/p>\n<p>Cookies allgemein<br \/>\nDiese Website verwendet an mehreren Stellen so genannte Cookies. Cookies sind kleine Textdateien, die Ihr Browser auf Ihrem Rechner speichert und unserem Server schickt, wenn Sie unsere Seiten besuchen. Cookies richten auf Ihrem Rechner keinen Schaden an und enthalten keine Viren. Sie dienen dazu, unser Angebot nutzerfreundlicher, effektiver und sicherer zu machen. Die von uns verwendeten Cookies sind so genannte Session-Cookies, die nach Ende Ihres Besuchs automatisch gel\u00f6scht werden. Sie haben die volle Kontrolle \u00fcber die Verwendung von Cookies: Durch eine \u00c4nderung der Einstellungen in Ihrem Internetbrowser k\u00f6nnen Sie die \u00dcbertragung von Cookies deaktivieren oder einschr\u00e4nken. Bereits gespeicherte Cookies k\u00f6nnen jederzeit gel\u00f6scht werden. Dies kann auch automatisiert erfolgen. Werden Cookies f\u00fcr unsere Website deaktiviert, k\u00f6nnen m\u00f6glicherweise nicht mehr alle Funktionen der Website vollumf\u00e4nglich genutzt werden.<\/p>\n<p>WordPress Analytics \u2013 Jetpack<br \/>\nDiese Website benutzt Jetpack (WordPress Stats), eine Software zur statistischen Auswertung der Besucherzugriffe. Wir nutzen auf Grundlage unserer berechtigten Interessen (d.h. Interesse an der Analyse, Optimierung unseres Onlineangebotes im Sinne des Art. 6 Abs. 1 lit. f. DSGVO) das Plugin Jetpack (hier die Unterfunktion \u201eWordpress Stats\u201c), welches ein Tool zur statistischen Auswertung der Besucherzugriffe einbindet und von Automattic Inc., 60 29th Street #343, San Francisco, CA 94110, USA betrieben wird. Auch Jetpack verwendet Cookies. Die durch das Cookie erzeugten Informationen \u00fcber Ihre Benutzung dieses Onlineangebotes werden auf einem Server in den USA gespeichert. Dabei k\u00f6nnen aus den verarbeiteten Daten Nutzungsprofile der Nutzer erstellt werden, wobei diese nur zu Analyse- und nicht zu Werbezwecken eingesetzt werden. Weitere Informationen erhalten Sie in den Datenschutzerkl\u00e4rungen von Automattic: <a href=\"https:\/\/automattic.com\/privacy\/\">https:\/\/automattic.com\/privacy\/<\/a> und Hinweisen zu Jetpack-Cookies: <a href=\"https:\/\/jetpack.com\/support\/cookies\/\">https:\/\/jetpack.com\/support\/cookies\/<\/a>.<\/p>\n<p>Akismet Anti-Spam-Pr\u00fcfung<br \/>\nUnser Onlineangebot nutzt den Dienst \u201eAkismet\u201c, der von der Automattic Inc., 60 29th Street #343, San Francisco, CA 94110, USA, angeboten wird. Die Nutzung erfolgt auf Grundlage unserer berechtigten Interessen im Sinne des Art. 6 Abs. 1 lit. f) DSGVO. Mit Hilfe dieses Dienstes werden Kommentare echter Menschen von Spam-Kommentaren unterschieden. Dazu werden alle Kommentarangaben an einen Server in den USA verschickt, wo sie analysiert und f\u00fcr Vergleichszwecke vier Tage lang gespeichert werden. Ist ein Kommentar als Spam eingestuft worden, werden die Daten \u00fcber diese Zeit hinaus gespeichert. Zu diesen Angaben geh\u00f6ren der eingegebene Name, die Emailadresse, die IP-Adresse, der Kommentarinhalt, der Referrer, Angaben zum verwendeten Browser sowie dem Computersystem und die Zeit des Eintrags. N\u00e4here Informationen zur Erhebung und Nutzung der Daten durch Akismet finden sich in den Datenschutzhinweisen von Automattic: <a href=\"https:\/\/automattic.com\/privacy\/\">https:\/\/automattic.com\/privacy\/<\/a>.<\/p>\n<p>3.3 Eingabemasken<br \/>\nSofern Sie mit uns Kontakt \u00fcber ein Kontaktformular aufnehmen, werden von Ihnen nur Daten erhoben, die zur Nutzung des Dienstes notwendig sind. Rechtsgrundlage ist dann Ihre Einwilligung (Art. 6 Abs. 1 lit. a DSGVO). Wir l\u00f6schen die Anfragen, sofern diese nicht mehr erforderlich sind.<\/p>\n<p>4. Einbindung von Diensten und Inhalten Dritter<br \/>\nWir setzen innerhalb unseres Onlineangebotes auf Grundlage unserer berechtigten Interessen Inhalts- oder Serviceangebote von Drittanbietern ein, um deren Inhalte und Services, wie z.B. Videos einzubinden (nachfolgend einheitlich bezeichnet als \u201cInhalte\u201d). Dies setzt immer voraus, dass die Drittanbieter dieser Inhalte, die IP-Adresse der Nutzer wahrnehmen, da sie ohne die IP-Adresse die Inhalte nicht an deren Browser senden k\u00f6nnten. Die IP-Adresse ist damit f\u00fcr die Darstellung dieser Inhalte erforderlich. Wir bem\u00fchen uns nur solche Inhalte zu verwenden, deren jeweilige Anbieter die IP-Adresse lediglich zur Auslieferung der Inhalte verwenden. Drittanbieter k\u00f6nnen ferner so genannte Pixel-Tags (unsichtbare Grafiken, auch als \u201eWeb Beacons\u201c bezeichnet) f\u00fcr statistische oder Marketingzwecke verwenden. Durch die \u201ePixel-Tags\u201c k\u00f6nnen Informationen, wie der Besucherverkehr auf den Seiten dieser Website ausgewertet werden. Die pseudonymen Informationen k\u00f6nnen ferner in Cookies auf dem Ger\u00e4t der Nutzer gespeichert werden und unter anderem technische Informationen zum Browser und Betriebssystem, verweisende Webseiten, Besuchszeit sowie weitere Angaben zur Nutzung unseres Onlineangebotes enthalten, als auch mit solchen Informationen aus anderen Quellen verbunden werden.<\/p>\n<p>GoogleMaps<br \/>\nWir binden die Landkarten des Dienstes \u201cGoogle Maps\u201d des Anbieters Google LLC, 1600 Amphitheatre Parkway, Mountain View, CA 94043, USA, ein. Zu den verarbeiteten Daten k\u00f6nnen insbesondere IP-Adressen und Standortdaten der Nutzer geh\u00f6ren, die jedoch nicht ohne deren Einwilligung (im Regelfall im Rahmen der Einstellungen ihrer Mobilger\u00e4te vollzogen), erhoben werden. Die Daten k\u00f6nnen in den USA verarbeitet werden. Datenschutzerkl\u00e4rung: <a href=\"https:\/\/www.google.com\/policies\/privacy\/\">https:\/\/www.google.com\/policies\/privacy\/<\/a>, Opt-Out: <a href=\"https:\/\/adssettings.google.com\/authenticated\">https:\/\/adssettings.google.com\/authenticated<\/a>.<\/p>\n<p>5. Ihre Rechte<\/p>\n<p>Jede von der Verarbeitung personenbezogener Daten betroffene Person hat nach Ma\u00dfgabe der gesetzlichen Bestimmungen ein Recht, von uns unentgeltliche Auskunft oder Best\u00e4tigung \u00fcber die zu seiner Person gespeicherten personenbezogenen Daten zu verlangen.<\/p>\n<p>Dar\u00fcber hinaus besteht ein Recht auf unverz\u00fcgliche Berichtigung Sie betreffender unrichtiger personenbezogener Daten oder L\u00f6schung, oder auf Einschr\u00e4nkung der Verarbeitung oder ein Widerspruchsrecht gegen die Verarbeitung. (Jedoch ist die Erfassung der Daten zur Bereitstellung der Website und die Speicherung der Daten in Logfiles f\u00fcr den Betrieb der Internetseite zwingend erforderlich. Es besteht insoweit folglich keine Widerspruchsm\u00f6glichkeit.)<\/p>\n<p>Eine datenschutzrechtliche Einwilligung zur Verarbeitung personenbezogener Daten kann jederzeit widerrufen werden, ohne dass die Rechtm\u00e4\u00dfigkeit der aufgrund der Einwilligung bis zum Widerruf erfolgten Verarbeitung ber\u00fchrt wird.<\/p>\n<p>Es besteht das Recht die personenbezogenen Daten, welche durch die betroffene Person bereitgestellt wurden, in einem strukturierten, g\u00e4ngigen und maschinenlesbaren Format zu erhalten und an andere Verantwortliche zu \u00fcbermitteln.<\/p>\n<p>Wir m\u00f6chten Ihnen jederzeit Rede und Antwort bez\u00fcglich der Verarbeitung Ihrer personenbezogenen Daten stehen. Wenn Sie wissen m\u00f6chten, welche Daten wir zu Ihrer Person oder zu ihrem Pseudonym speichern oder Fragen haben, die Ihnen diese Datenschutzerkl\u00e4rung nicht beantworten konnte oder wenn Sie zu einem Punkt vertiefte Informationen w\u00fcnschen, wenden Sie sich bitte jederzeit an uns, gerne auch \u00fcber unsere Kontaktadresse <a href=\"mailto:webmaster(at)uni-koeln.de\">webmaster(at)uni-koeln.de<\/a>. Bei der Kommunikation per E-Mail kann allerdings die vollst\u00e4ndige Datensicherheit von uns nicht gew\u00e4hrleistet werden, so dass wir Ihnen bei vertraulichen Informationen den Postweg empfehlen.<\/p>\n<p>Daneben kann unbeschadet eines anderweitigen administrativen oder gerichtlichen Rechtsbehelfs Beschwerde bei einer mitgliedstaatlichen Aufsichtsbeh\u00f6rde erhoben werden, wenn Zweifel an der Rechtm\u00e4\u00dfigkeit der Verarbeitung der sie betreffenden personenbezogenen Daten bestehen. Die f\u00fcr die Universit\u00e4t zu K\u00f6ln zust\u00e4ndige Aufsichtsbeh\u00f6rde ist die<\/p>\n<p>Landesbeauftragte f\u00fcr Datenschutz und Informationsfreiheit<br \/>\nNordrhein-Westfalen<br \/>\nPostfach 20 04 44<br \/>\n40102 D\u00fcsseldorf<br \/>\nTel.: 0211\/38424-0<\/p>","protected":false},"excerpt":{"rendered":"<p>Das Institut f\u00fcr Kunst &amp; Kunsttheorie, Universit\u00e4t zu K\u00f6ln, nimmt den Schutz Ihrer personenbezogenen Daten sehr ernst. Wir m\u00f6chten, dass Sie wissen, wann wir welche Daten speichern und wie wir sie verwenden, wenn Sie den Internetauftritt der Universit\u00e4t zu K\u00f6ln benutzen. Personenbezogene Daten werden auf diesem zentralen Web-Server der Universit\u00e4t (www.uni-koeln.de) nur im notwendigen Umfang [&hellip;]<\/p>\n","protected":false},"author":1,"featured_media":0,"parent":0,"menu_order":0,"comment_status":"closed","ping_status":"closed","template":"","meta":{"_acf_changed":false,"footnotes":""},"class_list":["post-439","page","type-page","status-publish","hentry"],"acf":[],"jetpack_sharing_enabled":true,"_links":{"self":[{"href":"https:\/\/piaer.net\/en\/wp-json\/wp\/v2\/pages\/439","targetHints":{"allow":["GET"]}}],"collection":[{"href":"https:\/\/piaer.net\/en\/wp-json\/wp\/v2\/pages"}],"about":[{"href":"https:\/\/piaer.net\/en\/wp-json\/wp\/v2\/types\/page"}],"author":[{"embeddable":true,"href":"https:\/\/piaer.net\/en\/wp-json\/wp\/v2\/users\/1"}],"replies":[{"embeddable":true,"href":"https:\/\/piaer.net\/en\/wp-json\/wp\/v2\/comments?post=439"}],"version-history":[{"count":4,"href":"https:\/\/piaer.net\/en\/wp-json\/wp\/v2\/pages\/439\/revisions"}],"predecessor-version":[{"id":444,"href":"https:\/\/piaer.net\/en\/wp-json\/wp\/v2\/pages\/439\/revisions\/444"}],"wp:attachment":[{"href":"https:\/\/piaer.net\/en\/wp-json\/wp\/v2\/media?parent=439"}],"curies":[{"name":"wp","href":"https:\/\/api.w.org\/{rel}","templated":true}]}}