{"id":2386,"date":"2021-12-28T13:48:59","date_gmt":"2021-12-28T12:48:59","guid":{"rendered":"http:\/\/piaer.net\/?page_id=2386"},"modified":"2022-01-22T13:57:28","modified_gmt":"2022-01-22T12:57:28","slug":"anna-zett","status":"publish","type":"page","link":"https:\/\/piaer.net\/en\/anna-zett\/","title":{"rendered":"Anna Zett"},"content":{"rendered":"<p>Das folgende Interview ist im Rahmen des Forschungsprojekts\u00a0<em>Post-Internet Arts Education Research:<\/em>\u00a0(PIAER) entstanden. Weitere K\u00fcnstler*innen-Interviews finden sich auf der Plattform\u00a0<a class=\"docs-creator\" href=\"http:\/\/methodsofart.net\/\">Methods of Art<\/a>.<\/p>\n\n\n\n<div style=\"padding:56.25% 0 0 0;position:relative;\"><iframe src=\"https:\/\/player.vimeo.com\/video\/641484060?h=9db37d5f6f&amp;badge=0&amp;autopause=0&amp;player_id=0&amp;app_id=58479\" allow=\"autoplay; fullscreen; picture-in-picture\" allowfullscreen=\"\" style=\"position:absolute;top:0;left:0;width:100%;height:100%;\" title=\"MOA_Zett_Artist\" frameborder=\"0\"><\/iframe><\/div><script src=\"https:\/\/player.vimeo.com\/api\/player.js\"><\/script>\n\n\n\n<div class=\"wp-block-columns is-layout-flex wp-container-core-columns-is-layout-9d6595d7 wp-block-columns-is-layout-flex\">\n<div class=\"wp-block-column is-layout-flow wp-block-column-is-layout-flow\">\n<iframe loading=\"lazy\" src=\"https:\/\/player.vimeo.com\/video\/641483790?h=062340765b\" width=\"320\" height=\"282\" frameborder=\"0\" allow=\"autoplay; fullscreen\" allowfullscreen=\"\"><\/iframe>\n\n\n\n<iframe loading=\"lazy\" src=\"https:\/\/player.vimeo.com\/video\/641485064?h=e268efea41\" width=\"320\" height=\"282\" frameborder=\"0\" allow=\"autoplay; fullscreen\" allowfullscreen=\"\"><\/iframe>\n\n\n\n<iframe loading=\"lazy\" src=\"https:\/\/player.vimeo.com\/video\/641485970?h=aa088259bf\" width=\"320\" height=\"282\" frameborder=\"0\" allow=\"autoplay; fullscreen\" allowfullscreen=\"\"><\/iframe>\n<\/div>\n\n\n\n<div class=\"wp-block-column is-layout-flow wp-block-column-is-layout-flow\">\n<iframe loading=\"lazy\" src=\"https:\/\/player.vimeo.com\/video\/641484378?h=f0bf608092\" width=\"320\" height=\"282\" frameborder=\"0\" allow=\"autoplay; fullscreen\" allowfullscreen=\"\"><\/iframe>\n\n\n\n<iframe loading=\"lazy\" src=\"https:\/\/player.vimeo.com\/video\/641485275?h=ca246566d5\" width=\"320\" height=\"282\" frameborder=\"0\" allow=\"autoplay; fullscreen\" allowfullscreen=\"\"><\/iframe>\n\n\n\n<iframe loading=\"lazy\" src=\"https:\/\/player.vimeo.com\/video\/641486512?h=e9e3108af3\" width=\"320\" height=\"282\" frameborder=\"0\" allow=\"autoplay; fullscreen\" allowfullscreen=\"\"><\/iframe>\n<\/div>\n\n\n\n<div class=\"wp-block-column is-layout-flow wp-block-column-is-layout-flow\">\n<iframe loading=\"lazy\" src=\"https:\/\/player.vimeo.com\/video\/641484721?h=903aea7798\" width=\"320\" height=\"282\" frameborder=\"0\" allow=\"autoplay; fullscreen\" allowfullscreen=\"\"><\/iframe>\n\n\n\n<iframe loading=\"lazy\" src=\"https:\/\/player.vimeo.com\/video\/641485685?h=a8aea7ebb2\" width=\"320\" height=\"282\" frameborder=\"0\" allow=\"autoplay; fullscreen\" allowfullscreen=\"\"><\/iframe>\n\n\n\n<iframe loading=\"lazy\" src=\"https:\/\/player.vimeo.com\/video\/641486222?h=27d1704815\" width=\"320\" height=\"282\" frameborder=\"0\" allow=\"autoplay; fullscreen\" allowfullscreen=\"\"><\/iframe>\n<\/div>\n<\/div>\n\n\n\n<p><a href=\"http:\/\/piaer.net\/wp-content\/uploads\/2021\/12\/Skript_Online_MOA_Anna_Zett.pdf\">Transkript<\/a><\/p>\n\n\n\n<h3 class=\"wp-block-heading\">Bio<\/h3>\n\n\n\n<p>Anna Zett ist K\u00fcnstlerin, Autorin und Gastgeberin partizipativer Performances. Ihre Arbeit verbindet subjektive Analyse und poetische Form mit einer spielerischen k\u00f6rperlichen Praxis. Innerhalb langfristiger thematischer Projekte entwickelt sie neue Herangehensweisen und Formate, um historischen Gespenstern im Hier und Jetzt bewusst zu begegnen. Das Ergebnis ihrer Arbeit sind u.a. Filme, H\u00f6rst\u00fccke und Installationen, wobei kollaborative Improvisation im Arbeitsprozess eine zunehmend wichtige Rolle spielt. Anna Zett lebt und arbeitet in Berlin.<\/p>\n\n\n\n<p>Von Poesie und Collage kommend, kam sie w\u00e4hrend ihres transdisziplin\u00e4ren Studiums (M.A. Humboldt Universit\u00e4t Berlin, Klasse Hito Steyerl Universit\u00e4t der K\u00fcnste Berlin) zum Filmemachen. Ihr erster l\u00e4ngerer Film <a href=\"https:\/\/vimeo.com\/105771141\">THIS UNWIELDY OBJECT<\/a> (2014) und die dazugeh\u00f6rige Videolecture <a href=\"https:\/\/www.youtube.com\/watch?v=e7EMjQ8pOTU\">DINOSAUR.GIF<\/a> wurden im internationalen Kunstkontext vielerorts gezeigt. Innerhalb der darstellenden K\u00fcnste entwickelt sie seit 2014 Performances und partizipative Formate zur Improvisation mit Narrativ, Stimme und\/oder Bewegung. Bisher entwickelte sie zwei experimentelle H\u00f6rspiele f\u00fcr den \u00f6ffentlichen Rundfunk: <a href=\"https:\/\/www.br.de\/radio\/bayern2\/sendungen\/hoerspiel-und-medienkunst\/hoerspiel-zett-industrie-und-glueck-100.html\">Br 2017<\/a>, <a href=\"https:\/\/www.hoerspielundfeature.de\/hoerspiel-funkstille-100.html\">Dlf 2015<\/a>. 2019 ver\u00f6ffentlichte sie die Textsammlung&nbsp;<a href=\"https:\/\/divided.online\/#artificial-gut-feeling\">ARTIFICIAL GUT FEELING<\/a> (Divided Publishing) und zeigte zwei Soloausstellungen (Zionskirche Berlin &amp; Or Gallery Vancouver). Seit 2020 steht das k\u00fcnstlerische Forschungsprojekt <a href=\"https:\/\/kuenstlerischeforschung.berlin\/stipendiatinnen\/anna-zett-hermann-heisig\/\">RESONANZ<\/a> im Zentrum ihrer Arbeit, unterst\u00fctzt durch das Berliner F\u00f6rderprogramm K\u00fcnstlerische Forschung\/gkfd. In Zusammenarbeit mit dem T\u00e4nzer und Choreografen Hermann Heisig entwickelt sie ein Format der Gruppenimprovisation zur assoziativen, k\u00f6rperlichen Auseinandersetzung mit DDR-Geschichte in kleinen und gr\u00f6\u00dferen Gruppen. Anna Zett ist seit 2018 Mitbegr\u00fcnderin und -betreiberin des selbstorganisierten Berliner Projektraums <em>Very<\/em>.<\/p>\n\n\n\n<p><a href=\"https:\/\/annazett.net\/#\/\">annazett.net<\/a><\/p>\n\n\n\n<h3 class=\"wp-block-heading\">Credits<\/h3>\n\n\n\n<p>Das Interview wurde am 20 Dezember 2018 in Berlin aufgenommen.<br>Interviewerin: Kristin Klein<br>Bild und Ton: Marl\u00e8ne Tencha, Lea Dinger<br>Postproduktion: Marl\u00e8ne Tencha<br>Transkript: Eva Klein<br>Produktion: Universit\u00e4t zu K\u00f6ln, Department f\u00fcr Kunst und Musik \/ Institut f\u00fcr Kunst und Kunsttheorie<\/p>","protected":false},"excerpt":{"rendered":"<p>Das folgende Interview ist im Rahmen des Forschungsprojekts\u00a0Post-Internet Arts Education Research\u00a0(PIAER) entstanden. Weitere K\u00fcnstler*innen-Interviews finden sich auf der Plattform\u00a0Methods of Art. Transkript Bio Anna Zett ist K\u00fcnstlerin, Autorin und Gastgeberin partizipativer Performances. Ihre Arbeit verbindet subjektive Analyse und poetische Form mit einer spielerischen k\u00f6rperlichen Praxis. Innerhalb langfristiger thematischer Projekte entwickelt sie neue Herangehensweisen und Formate, [&hellip;]<\/p>\n","protected":false},"author":18,"featured_media":0,"parent":0,"menu_order":0,"comment_status":"closed","ping_status":"closed","template":"","meta":{"_acf_changed":false,"footnotes":""},"class_list":["post-2386","page","type-page","status-publish","hentry"],"acf":[],"jetpack_sharing_enabled":true,"_links":{"self":[{"href":"https:\/\/piaer.net\/en\/wp-json\/wp\/v2\/pages\/2386","targetHints":{"allow":["GET"]}}],"collection":[{"href":"https:\/\/piaer.net\/en\/wp-json\/wp\/v2\/pages"}],"about":[{"href":"https:\/\/piaer.net\/en\/wp-json\/wp\/v2\/types\/page"}],"author":[{"embeddable":true,"href":"https:\/\/piaer.net\/en\/wp-json\/wp\/v2\/users\/18"}],"replies":[{"embeddable":true,"href":"https:\/\/piaer.net\/en\/wp-json\/wp\/v2\/comments?post=2386"}],"version-history":[{"count":18,"href":"https:\/\/piaer.net\/en\/wp-json\/wp\/v2\/pages\/2386\/revisions"}],"predecessor-version":[{"id":2445,"href":"https:\/\/piaer.net\/en\/wp-json\/wp\/v2\/pages\/2386\/revisions\/2445"}],"wp:attachment":[{"href":"https:\/\/piaer.net\/en\/wp-json\/wp\/v2\/media?parent=2386"}],"curies":[{"name":"wp","href":"https:\/\/api.w.org\/{rel}","templated":true}]}}