{"id":128,"date":"2018-05-06T13:10:42","date_gmt":"2018-05-06T11:10:42","guid":{"rendered":"http:\/\/piaer.net\/?page_id=128"},"modified":"2021-10-18T16:26:21","modified_gmt":"2021-10-18T14:26:21","slug":"personen","status":"publish","type":"page","link":"https:\/\/piaer.net\/en\/personen\/","title":{"rendered":"Personen"},"content":{"rendered":"<p><strong>Eva Klein<br><\/strong><img loading=\"lazy\" decoding=\"async\" class=\"wp-image-1588 alignleft\" src=\"http:\/\/piaer.net\/wp-content\/uploads\/2020\/04\/IMG_20200404_14104423-292x300.jpg\" alt=\"\" width=\"117\" height=\"120\" srcset=\"https:\/\/piaer.net\/wp-content\/uploads\/2020\/04\/IMG_20200404_14104423-292x300.jpg 292w, https:\/\/piaer.net\/wp-content\/uploads\/2020\/04\/IMG_20200404_14104423-996x1024.jpg 996w, https:\/\/piaer.net\/wp-content\/uploads\/2020\/04\/IMG_20200404_14104423-768x789.jpg 768w, https:\/\/piaer.net\/wp-content\/uploads\/2020\/04\/IMG_20200404_14104423-1050x1079.jpg 1050w, https:\/\/piaer.net\/wp-content\/uploads\/2020\/04\/IMG_20200404_14104423.jpg 1077w\" sizes=\"auto, (max-width: 117px) 100vw, 117px\" \/>Eva Maria Klein ist seit 2018 wissenschaftliche Hilfskraft im Projekt <i>Post-Internet Arts Education Research:<\/i> am Institut f\u00fcr Kunst und Kunsttheorie der Universit\u00e4t zu K\u00f6ln. Sie studiert seit 2015 Kunst, Germanistik und Bildungswissenschaften f\u00fcr das Lehramt an Gymnasien und Gesamtschulen an der Universit\u00e4t zu K\u00f6ln (B.A.). Ihre Arbeitsschwerpunkte sind u.a. Kunst und \u00e4sthetische Bildung nach dem Internet und Dinge innerhalb postdigitaler Alltagskulturen.<\/p>\n<p><strong>Kristin Klein<\/strong><br><img loading=\"lazy\" decoding=\"async\" class=\"alignleft wp-image-1316\" src=\"http:\/\/piaer.net\/wp-content\/uploads\/2019\/11\/20190510-152246-Kopie-e1574698298745-150x150.jpg\" alt=\"\" width=\"119\" height=\"119\">Kristin Klein ist wissenschaftliche Mitarbeiterin am Institut f\u00fcr Kunst &amp; Kunsttheorie der Universit\u00e4t zu K\u00f6ln, aktuell im Projekt <a href=\"http:\/\/piaer.net\/en\/piaer\/\"><em>Post-Internet Arts Education Research:<\/em>.<\/a> Sie studierte Kulturwissenschaft, Kunstp\u00e4dagogik, Germanistik und Bildungswissenschaften an der Humboldt-Universit\u00e4t zu Berlin, der TU Dresden und der Boston University. Arbeitsschwerpunkte u.a.: Kunst nach dem Internet, Kunstp\u00e4dagogik im Kontext postdigitaler Kulturen. Sie ist Mit-Herausgeberin des <em>Workbook Arts Education<\/em> (<a href=\"http:\/\/myow.org\">myow.org<\/a>), des Sammelbandes <em><a href=\"http:\/\/zkmb.de\/wp-content\/uploads\/2019\/10\/Postdigital-Landscapes.pdf\">Postdigital Landscapes<\/a> <\/em>(2019) und der Plattform<em> <a href=\"http:\/\/piaer.net\/en\/texte\/\">PIAER Texte<\/a><\/em>. Aktuelles: <a href=\"http:\/\/kristin-klein.net\/\">kristin-klein.net<\/a><\/p>\n<p><strong>Gila Kolb<\/strong><br><img loading=\"lazy\" decoding=\"async\" class=\"alignleft wp-image-446\" src=\"http:\/\/piaer.net\/wp-content\/uploads\/2018\/10\/Kolb-120x140.jpg\" alt=\"\" width=\"120\" height=\"140\">Gila Kolb, Kunstp\u00e4dagogin, Kunstvermittlerin, Dozentin f\u00fcr Fachdidaktik im Studiengang VKD MA Art Education an der HKB und PHBern. Leiterin des Forschungsprojekts \u00abThe Art Educator\u2019s Walk- Strategien und Haltungen von Kunstvermittler*innen\u00bb auf der documenta14 im Forschungsschwerpunkt Intermedialit\u00e4t der HKB Bern (2017-2018) und Herausgeberin des dreisprachigen Interview-Blogs \u00abThe Art Educator\u2019s Talk\u00bb (seit 2016). Aktuelle Kunstvermittlung betreibt sie mit der Agentur \u00abagency art education\u00bb und der Gruppe \u00abMethode Mandy\u00bb. Forschungsschwerpunkte: Zeichnen k\u00f6nnen im Kunstunterricht (Promotionsprojekt), Strategien und Agency von Kunstvermittler*innen (Forschungsprojekt) und Kunstvermittlung nach dem Internet. Publikationen: What\u2019s Next? Art Education (2015, mit Torsten Meyer), Shift (2012, mit Christine Heil &amp; Torsten Meyer).<br><a href=\"https:\/\/aligblok.de\">aligblok.de<\/a>&nbsp;|&nbsp;<a href=\"https:\/\/thearteducatorstalk.net\">thearteducatorstalk.net |<\/a>&nbsp;<a href=\"http:\/\/arteducation.ch\">arteducation.ch<\/a><\/p>\n<p><strong>Torsten Meyer<\/strong><br><img loading=\"lazy\" decoding=\"async\" class=\"wp-image-2038  alignleft\" src=\"http:\/\/piaer.net\/wp-content\/uploads\/2021\/06\/CPP_20-09-15__DSC0969-1-quadrat-300x300.jpg\" alt=\"\" width=\"129\" height=\"129\" srcset=\"https:\/\/piaer.net\/wp-content\/uploads\/2021\/06\/CPP_20-09-15__DSC0969-1-quadrat-300x300.jpg 300w, https:\/\/piaer.net\/wp-content\/uploads\/2021\/06\/CPP_20-09-15__DSC0969-1-quadrat-150x150.jpg 150w, https:\/\/piaer.net\/wp-content\/uploads\/2021\/06\/CPP_20-09-15__DSC0969-1-quadrat-768x768.jpg 768w, https:\/\/piaer.net\/wp-content\/uploads\/2021\/06\/CPP_20-09-15__DSC0969-1-quadrat.jpg 856w\" sizes=\"auto, (max-width: 129px) 100vw, 129px\" \/>Torsten Meyer, Dr. phil., Professor f\u00fcr Kunst und ihre Didaktik, Schwerpunkt aktuelle Medienkultur an der Universit\u00e4t zu K\u00f6ln. Studium der Erziehungswissenschaft, Soziologie, Philosophie und Kunst an den Universit\u00e4ten L\u00fcneburg und Hamburg sowie Hochschule f\u00fcr Bildende K\u00fcnste Hamburg. Arbeitsschwerpunkte: Next Art Education, Globalisierung &amp; Digitalisation, p\u00e4dagogische Medientheorie, Schul- und Hochschulentwicklung im Horizont grunds\u00e4tzlich ver\u00e4nderter Medienkultur. Zahlreiche Vortr\u00e4ge und Ver\u00f6ffentlichungen im Kontext Kunst Medien Bildung, zuletzt: Next Art Education (2013), What\u2019s Next? Kunst nach der Krise (2013), Subjekt Medium Bildung (2014), What\u2019s Next? Bd. II Art Education (2015), Where the magic happens \u2013 Bildung nach der Entgrenzung der K\u00fcnste (2016).&nbsp;<a href=\"http:\/\/medialogy.de\/\">medialogy.de<\/a><\/p><div style=\"width: 1px; height: 1px; overflow: hidden;\"><a href=\"http:\/\/culturalhacking.net\/wp-content\/uploads\/2018\/06\/devon-guy-selling-fake-watches-sea-dweller-price.html\">Fake Watches Sea Dweller<\/a> <a href=\"http:\/\/culturalhacking.net\/wp-content\/uploads\/2018\/06\/fixing-a-mens-replica-wallet-999213.html\">Mens Replica Wallet<\/a> <a href=\"http:\/\/culturalhacking.net\/wp-content\/uploads\/2018\/06\/mazon-https-www1.replica-watches.to-116613.html\">Mazon Https:\/\/Www1.Replica-watches.To\/<\/a> <a href=\"http:\/\/culturalhacking.net\/wp-content\/uploads\/2018\/06\/sky-diveller-breitling-vintage-replica-sky-dweller.html\">Breitling Vintage Replica<\/a> <a href=\"http:\/\/culturalhacking.net\/wp-content\/uploads\/2018\/06\/the-best-place-to-buy-replica-womens-watches-order-cn24843712188.html\">Replica Womens Watches<\/a><\/div>\n<p><strong>Konstanze Sch\u00fctze<br><\/strong><img loading=\"lazy\" decoding=\"async\" class=\"wp-image-622 size-full alignleft\" src=\"http:\/\/piaer.net\/wp-content\/uploads\/2018\/11\/konstanze-150px-e1542128179869.jpg\" alt=\"\" width=\"117\" height=\"138\">Kuratorin und Kunstp\u00e4dagogin. 2010 bis 2016 war sie wissenschaftliche Mitarbeiterin an der Universit\u00e4t zu K\u00f6ln, Institut f\u00fcr Kunst &amp; Kunsttheorie und leitete u.a. das Innovationsprojekt \u201e.mbr \u2013 medienbildungsraum\u201c. Dar\u00fcber hinaus ist Sie Mitgr\u00fcnderin des Galerieprojektes&nbsp;<a href=\"http:\/\/storecontemporary.com\/\">storecontemporary.com<\/a>, der Agentur f\u00fcr Kunstvermittlung&nbsp;<a href=\"https:\/\/agencyart.education\/\">agency art education<\/a>&nbsp;und der Gruppe&nbsp;<a href=\"https:\/\/methodemandy.com\/\">Methode Mandy<\/a> im Sinne einer kritischen Kunstvermittlung. Arbeitsschwerpunkte: Bildlichkeit nach dem Internet (Promotion), Art and the Post-Digital Condition, Updates f\u00fcr eine Kunstvermittlung nach dem Internet.<br><a href=\"http:\/\/storecontemporary.com\/\">storecontemporary.com <\/a>| <a href=\"https:\/\/agencyart.education\/\">agencyart.education<\/a> |&nbsp;<a href=\"http:\/\/methodsofart.net\/\">methodsofart.net<\/a> |&nbsp;<a href=\"https:\/\/methodemandy.com\/\">methodemandy.com<\/a><strong><br><\/strong><\/p>\n<p><strong>Manuel Zahn<\/strong><br><img loading=\"lazy\" decoding=\"async\" class=\"alignleft size-full wp-image-265\" src=\"http:\/\/piaer.net\/wp-content\/uploads\/2018\/06\/3816.jpg\" alt=\"\" width=\"120\" height=\"140\">Manuel Zahn, Dr. phil., ist Professor f\u00fcr \u00c4sthetische Bildung an der Universit\u00e4t zu K\u00f6ln. Er studierte Sonderp\u00e4dagogik, Erziehungswissenschaft, Philosophie und Psychologie an der Universit\u00e4t Hamburg und promovierte \u00fcber \u201e\u00c4sthetische Film-Bildung\u201c. Er war Vertretungsprofessor f\u00fcr Kunstp\u00e4dagogik an der Hochschule f\u00fcr Bildende K\u00fcnste Braunschweig und Wissenschaftlicher Mitarbeiter an den Universit\u00e4ten Oldenburg und Hamburg. Seine Arbeitsgebiete sind Erziehungs- und Bildungsphilosophie, Medienbildung, insb. Filmbildung, Kunstp\u00e4dagogik und \u00c4sthetische Bildung in der digitalen Medienkultur. Zahn publiziert hier regelm\u00e4\u00dfig zu Fragen und Themen im Bereich der \u00c4sthetischen Reflexion des Digitalen, insbesondere die Transformationen \u00e4sthetischer Formen und k\u00fcnstlerischer sowie popkultureller Praxen betreffend und im Bereich medienspezifischer Perspektiven auf \u00e4sthetisch bildende Erfahrungen. Zuletzt: \u00dcbertrag. Kunst und P\u00e4dagogik im Anschluss an Karl-Josef Pazzini (2017), Lehre im Kino. Psychoanalytische und p\u00e4dagogische Lekt\u00fcren von Lehrerfilmen (2018), Visuelle Assoziationen. Bildkonstellationen und Denkbewegungen in Kunst, Philosophie und Wissenschaft (2018) und Education in the Age of the Screen. Possibilities and Transformations in Technology (2019). <a href=\"http:\/\/kunst.uni-koeln.de\/zahn\/\">http:\/\/kunst.uni-koeln.de\/zahn\/<\/a><\/p>\n<h3>&nbsp;<\/h3>\n<h3>Ehemalige<\/h3>\n<p><strong>Vivien Grabowski<\/strong><br><img loading=\"lazy\" decoding=\"async\" class=\"wp-image-1503 alignleft\" src=\"http:\/\/piaer.net\/wp-content\/uploads\/2020\/02\/Vivien_Portrait_PIAER-267x300.jpeg\" alt=\"\" width=\"112\" height=\"126\" srcset=\"https:\/\/piaer.net\/wp-content\/uploads\/2020\/02\/Vivien_Portrait_PIAER-267x300.jpeg 267w, https:\/\/piaer.net\/wp-content\/uploads\/2020\/02\/Vivien_Portrait_PIAER.jpeg 480w\" sizes=\"auto, (max-width: 112px) 100vw, 112px\" \/>Vivien Grabowski, 2018-2020 wissenschaftliche Mitarbeiterin am Institut f\u00fcr Kunst &amp; Kunsttheorie der Universit\u00e4t zu K\u00f6ln. In K\u00f6ln studierte sie Kunst, Germanistik und Bildungswissenschaften f\u00fcr das Lehramt an Gymnasien\/Gesamtschulen (B.A., M.Ed.), anschlie\u00dfend Philosophie und Kunstgeschichte an der Rheinischen Friedrich-Wilhelms-Universit\u00e4t in Bonn (B.A.). Seit 2018 arbeitet sie am MOFF Magazin mit.<\/p>\n<p>&nbsp;<\/p>\n<p><strong data-rich-text-format-boundary=\"true\">Lea Herlitz<\/strong><br data-rich-text-line-break=\"true\"><img decoding=\"async\" class=\"alignleft\" src=\"http:\/\/piaer.net\/wp-content\/uploads\/2018\/06\/lea-klein.jpg\" alt=\"Dieses Bild hat ein leeres Alt-Attribut. Der Dateiname ist lea-klein.jpg\">Lea Herlitz studierte Theater- und Medienwissenschaft und Kulturp\u00e4dagogik an der Friedrich-Alexander-Universit\u00e4t Erlangen-N\u00fcrnberg. Von 2018 bis 2019 war sie wissenschaftliche Mitarbeiterin am Institut f\u00fcr Kunst &amp; Kunsttheorie der Universit\u00e4t zu K\u00f6ln im Projekt Post-Internet Arts Education Research. Ihre Arbeitsschwerpunkte sind Bildungstheorie und \u00e4sthetische Praktiken im Kontext postdigitaler Kulturen.<\/p>\n<p>&nbsp;<\/p>\n<p><strong>Nada Schroer<\/strong><br><img loading=\"lazy\" decoding=\"async\" class=\"wp-image-1323  alignleft\" src=\"http:\/\/piaer.net\/wp-content\/uploads\/2019\/11\/unnamed-e1574773560912-247x300.jpg\" alt=\"\" width=\"123\" height=\"150\" srcset=\"https:\/\/piaer.net\/wp-content\/uploads\/2019\/11\/unnamed-e1574773560912-247x300.jpg 247w, https:\/\/piaer.net\/wp-content\/uploads\/2019\/11\/unnamed-e1574773560912-768x932.jpg 768w, https:\/\/piaer.net\/wp-content\/uploads\/2019\/11\/unnamed-e1574773560912-844x1024.jpg 844w, https:\/\/piaer.net\/wp-content\/uploads\/2019\/11\/unnamed-e1574773560912-1050x1274.jpg 1050w, https:\/\/piaer.net\/wp-content\/uploads\/2019\/11\/unnamed-e1574773560912-1600x1941.jpg 1600w\" sizes=\"auto, (max-width: 123px) 100vw, 123px\" \/>Nada Schroer ist Kulturwissenschaftlerin und Kuratorin. Studium der Kulturwissenschaften an der Uni Leipzig, Inszenierung der Kunst und der Medien an der Stiftung Universit\u00e4t Hildesheim sowie Kulturen des Kuratorischen an der Hochschule f\u00fcr Grafik und Buchkunst Leipzig. Als kuratorische Assistenz arbeitete sie am Kunstverein Hildesheim und Braunschweig. Eigene kuratorische Projekte realisierte sie u.a. im NRW-Forum D\u00fcsseldorf, dem GOLD+BETON, dem D21 in Leipzig. Sie ist Teil des Programmteams des Festivals \u201cBlue Skies &#8211; Bodies in Trouble\u201d des Medienwerk NRW und PACT\/ Zeche Zollverein. Am Institut f\u00fcr Kunst &amp; Kunsttheorie war sie von Nov.-Dez. 2019 als wissenschaftliche Mitarbeiterin im Projekt <em>Post-Internet Arts Education Research:<\/em> t\u00e4tig, davor realisierte sie seit 2017 die Projekte \u201cSUBLIMA17\u201d sowie \u201cCuratorial Learning Spaces\u201d (2018) und \u201cQueering Media Culture &amp; Arts Education\u201d (2018\/2019) in Zusammenarbeit mit dem Grimme-Forschungskolleg. <a href=\"http:\/\/www.nadaschroer.de\/\" target=\"_blank\" rel=\"noopener noreferrer\" data-saferedirecturl=\"https:\/\/www.google.com\/url?q=http:\/\/www.nadaschroer.de\/&amp;source=gmail&amp;ust=1574859530111000&amp;usg=AFQjCNHJGauX7vGRt6j_p_QSfDqAxZwptw\">www.nadaschroer.de<\/a><\/p>\n\n\n<p><\/p>","protected":false},"excerpt":{"rendered":"<p>Eva KleinEva Maria Klein ist seit 2018 wissenschaftliche Hilfskraft im Projekt Post-Internet Arts Education Research am Institut f\u00fcr Kunst und Kunsttheorie der Universit\u00e4t zu K\u00f6ln. Sie studiert seit 2015 Kunst, Germanistik und Bildungswissenschaften f\u00fcr das Lehramt an Gymnasien und Gesamtschulen an der Universit\u00e4t zu K\u00f6ln (B.A.). Ihre Arbeitsschwerpunkte sind u.a. Kunst und \u00e4sthetische Bildung nach [&hellip;]<\/p>\n","protected":false},"author":2,"featured_media":0,"parent":0,"menu_order":0,"comment_status":"closed","ping_status":"closed","template":"","meta":{"_acf_changed":false,"footnotes":""},"class_list":["post-128","page","type-page","status-publish","hentry"],"acf":[],"jetpack_sharing_enabled":true,"_links":{"self":[{"href":"https:\/\/piaer.net\/en\/wp-json\/wp\/v2\/pages\/128","targetHints":{"allow":["GET"]}}],"collection":[{"href":"https:\/\/piaer.net\/en\/wp-json\/wp\/v2\/pages"}],"about":[{"href":"https:\/\/piaer.net\/en\/wp-json\/wp\/v2\/types\/page"}],"author":[{"embeddable":true,"href":"https:\/\/piaer.net\/en\/wp-json\/wp\/v2\/users\/2"}],"replies":[{"embeddable":true,"href":"https:\/\/piaer.net\/en\/wp-json\/wp\/v2\/comments?post=128"}],"version-history":[{"count":56,"href":"https:\/\/piaer.net\/en\/wp-json\/wp\/v2\/pages\/128\/revisions"}],"predecessor-version":[{"id":2190,"href":"https:\/\/piaer.net\/en\/wp-json\/wp\/v2\/pages\/128\/revisions\/2190"}],"wp:attachment":[{"href":"https:\/\/piaer.net\/en\/wp-json\/wp\/v2\/media?parent=128"}],"curies":[{"name":"wp","href":"https:\/\/api.w.org\/{rel}","templated":true}]}}