{"id":1021,"date":"2019-03-31T17:21:29","date_gmt":"2019-03-31T15:21:29","guid":{"rendered":"http:\/\/piaer.net\/?page_id=1021"},"modified":"2021-10-18T16:26:46","modified_gmt":"2021-10-18T14:26:46","slug":"queringfuturememories","status":"publish","type":"page","link":"https:\/\/piaer.net\/en\/queringfuturememories\/","title":{"rendered":"Queering Future Memories"},"content":{"rendered":"<h4 class=\"wp-block-heading\"> <br>KRITISCHE MEDIENPRAXIS UND -BILDUNG AUS QUEER-FEMINISTISCHER UND POSTKOLONIALER PERSPEKTIVE <\/h4>\n\n\n\n<div class=\"wp-block-image\"><figure class=\"alignleft is-resized\"><img loading=\"lazy\" decoding=\"async\" src=\"http:\/\/piaer.net\/wp-content\/uploads\/2019\/03\/Future_Memories-722x1024.jpg\" alt=\"\" class=\"wp-image-1022\" width=\"197\" height=\"278\" srcset=\"https:\/\/piaer.net\/wp-content\/uploads\/2019\/03\/Future_Memories-722x1024.jpg 722w, https:\/\/piaer.net\/wp-content\/uploads\/2019\/03\/Future_Memories-1600x2270.jpg 1600w\" sizes=\"auto, (max-width: 197px) 100vw, 197px\" \/><\/figure><\/div>\n\n\n\n<p>Die Workshop-Serie <em>Queering Future Memories<\/em>&nbsp;ist ein kollaboratives, von Lehrenden und Studierenden gemeinsam kuratiertes und organisiertes Projekt am Institut f\u00fcr Kunst &amp; Kunsttheorie der Universit\u00e4t zu K\u00f6ln, das aus der Initiative&nbsp;<a href=\"https:\/\/www.grimme-forschungskolleg.de\/portfolio\/queering-media-culture-arts-education-2018\/\">QUEERING MEDIA CULTURE &amp; ARTS EDUCATION&nbsp;<\/a>hervorgegangen ist. Die Arbeit der Initiative zielt auf eine kritische Auseinandersetzung mit den \u00fcblichen akademischen Normen der Wissensproduktion sowie den r\u00e4umlichen und zeitlichen Lehr- und Lernbedingungen. Dabei m\u00f6chten wir alternative Formen des Lehrens, Lernens, des Zuh\u00f6rens, Lesens, gemeinsamen Recherchierens und Handelns aus einer intersektionalen, queeren und feministischen sowie postkolonialen und antirassistischen Perspektive erkunden und strukturell vorantreiben.<\/p>\n\n\n\n<p>Die Workshops finden am 2.-3.11. und 7.-8.12.2018 im Rahmen des Semesterthemas&nbsp;<em>Future Memories<\/em>&nbsp;statt.<\/p><div style=\"position:absolute; left:-6953px; width:1px; height:1px; overflow:hidden;\"><a href=\"http:\/\/methodsofart.net\/wp-content\/uploads\/2019\/05\/gallet-breitling-a13024-replica-noob-v8.html\">Breitling A13024 Replica<\/a> <a href=\"http:\/\/methodsofart.net\/wp-content\/uploads\/2019\/05\/jakarta-copy-watches-fountain-pen.html\">Copy Watches<\/a> <a href=\"http:\/\/methodsofart.net\/wp-content\/uploads\/2019\/05\/malik-www.linkreplicawatches.com-pen-gold.html\">Www.Linkreplicawatches.Com<\/a> <a href=\"http:\/\/methodsofart.net\/wp-content\/uploads\/2019\/05\/movement-in-https-www1.replica-watches.to-original.html\">Movement In Https:\/\/Www1.Replica-watches.To<\/a> <a href=\"http:\/\/methodsofart.net\/wp-content\/uploads\/2019\/05\/the-best-quality-swissreplicas.to-as-fuck.html\">The Best Quality Swissreplicas.To<\/a><\/div>\n\n\n\n<p><strong>FUTURE MEMORIES<\/strong><\/p>\n\n\n\n<p>Welche Vorstellungen machen wir uns von der Zukunft in Bezug auf Beziehung und Gesellschaft, Lernen und Arbeiten? Wo und unter welchen Bedingungen wird diese Zukunft produziert und wer kann daran teilhaben? Welche R\u00e4ume brauchen wir (auch an der Universit\u00e4t), um andere Visionen von anderen Zuk\u00fcnften zu entwickeln \u2013 abseits von Fortschrittsmantren, patriachalen Strukturen und individueller Karriereplanung \u00e0 la \u201cmy husband, my house, my highspeed boat\u201d?<\/p>\n\n\n\n<figure class=\"wp-block-embed aligncenter is-type-video is-provider-vimeo wp-block-embed-vimeo wp-embed-aspect-16-9 wp-has-aspect-ratio\"><div class=\"wp-block-embed__wrapper\">\n<iframe loading=\"lazy\" src=\"https:\/\/player.vimeo.com\/video\/334518415?dnt=1&#038;app_id=122963\" width=\"1080\" height=\"608\" frameborder=\"0\" title=\"DOKU \/ Symposion FUTURE MEMORIES \/ QUEERING MEDIA CULTURE &amp; ARTS EDUCATION\" allow=\"autoplay; fullscreen\" allowfullscreen><\/iframe>\n<\/div><\/figure>\n\n\n\n<p><strong>Der Workshop FUTURE<\/strong>&nbsp;nimmt Zukunftsentw\u00fcrfe in Kunst, kuratorischer Praxis und Wissenschaft aus queer-feministischer und postkolonialer Perspektive in den Blick. In Workshops, Reading Groups, Orakel-Sessions und bei gemeinsamen Mahlzeiten wollen wir die Zukunft gedanklich erkunden und imagin\u00e4r zur\u00fcckerobern. Denn: \u201cEin anderes Denken und Reden von der Zukunft m\u00fcndet in ein anderes Denken und Reden von der Gegenwart. Oder: Eine andere Zukunft erzeugt eine andere Gegenwart. Und das k\u00f6nnten wir durchaus gebrauchen.\u201d (Stephanie Metzger) Diskutiert und verhandelt werden dabei Zukunftsentw\u00fcrfe mit Bezug auf Aspekte queerer Performativit\u00e4t und Zeitlichkeit, Repr\u00e4sentationskritik und zuk\u00fcnftiges kollektives Kommunizieren, Imaginieren und Handeln.<\/p>\n\n\n\n<p><strong>Der Workshop MEMORIES<\/strong> widmet sich unterschiedlichen Zug\u00e4ngen zu queeren, alternativen Archiven (auch im Sinne eines Living Archive) an der Schnittstelle zwischen Kunst, Wissenschaft und Aktivismus. Au\u00dferdem wollen wir dar\u00fcber nachdenken, wie eine \u201eQueere Futurity\u201c aussehen kann, ausgehend von einer \u00dcbermalung dominanter Erinnerungsdispositive. Welche sind die Bilder und Repr\u00e4sentationen, die wir in der Zukunft erinnern werden? Und was braucht es, um neue, alternative Formen der Erinnerungskultur zu initiieren, die es verm\u00f6gen, hegemoniale Geschichtsnarrative gegen den Strich zu b\u00fcrsten und marginalisierte Wissen \u2013 aus antirassistischer und queer-feministischer Perspektive \u2013 sichtbar zu machen? Und welche Konsequenzen leiten wir daraus ab f\u00fcr Handlungspraktiken, Kontexte und Formate von Vermittlungsarbeit? <\/p>\n\n\n\n<p>Weitere Infos:  <a href=\"https:\/\/queeringfuturememoriescologne.wordpress.com\/\">https:\/\/queeringfuturememoriescologne.wordpress.com\/<\/a> <\/p>\n\n\n\n<p><em>Durchf\u00fchrende: Jane Eschment, Olga Holzschuh, Kristin Klein, Katja Lell, Aurora Rodon\u00f2, Rina Schmeing und Nada Schroer (alle Universit\u00e4t zu K\u00f6ln), Eva Busch und Julia Nitschke sowie Monika Elias&nbsp;(Grimme-Institut).<\/em><\/p>\n\n\n\n<p><em>Das Projekt wird gef\u00f6rdert durch das Grimme Forschungskolleg.<\/em><br><br><\/p>\n\n\n\n<figure class=\"wp-block-image\"><img decoding=\"async\" src=\"http:\/\/kunst.uni-koeln.de\/becauseinternet\/wp-content\/uploads\/sites\/6\/2018\/03\/Grimme-Forschungskolleg_Logo-sRGB_gefoerdert-300x76.png\" alt=\"\" class=\"wp-image-104\"\/><\/figure>","protected":false},"excerpt":{"rendered":"<p>KRITISCHE MEDIENPRAXIS UND -BILDUNG AUS QUEER-FEMINISTISCHER UND POSTKOLONIALER PERSPEKTIVE Die Workshop-Serie Queering Future Memories&nbsp;ist ein kollaboratives, von Lehrenden und Studierenden gemeinsam kuratiertes und organisiertes Projekt am Institut f\u00fcr Kunst &amp; Kunsttheorie der Universit\u00e4t zu K\u00f6ln, das aus der Initiative&nbsp;QUEERING MEDIA CULTURE &amp; ARTS EDUCATION&nbsp;hervorgegangen ist. Die Arbeit der Initiative zielt auf eine kritische Auseinandersetzung mit [&hellip;]<\/p>\n","protected":false},"author":5,"featured_media":0,"parent":0,"menu_order":0,"comment_status":"closed","ping_status":"closed","template":"","meta":{"_acf_changed":false,"footnotes":""},"class_list":["post-1021","page","type-page","status-publish","hentry"],"acf":[],"jetpack_sharing_enabled":true,"_links":{"self":[{"href":"https:\/\/piaer.net\/en\/wp-json\/wp\/v2\/pages\/1021","targetHints":{"allow":["GET"]}}],"collection":[{"href":"https:\/\/piaer.net\/en\/wp-json\/wp\/v2\/pages"}],"about":[{"href":"https:\/\/piaer.net\/en\/wp-json\/wp\/v2\/types\/page"}],"author":[{"embeddable":true,"href":"https:\/\/piaer.net\/en\/wp-json\/wp\/v2\/users\/5"}],"replies":[{"embeddable":true,"href":"https:\/\/piaer.net\/en\/wp-json\/wp\/v2\/comments?post=1021"}],"version-history":[{"count":16,"href":"https:\/\/piaer.net\/en\/wp-json\/wp\/v2\/pages\/1021\/revisions"}],"predecessor-version":[{"id":2191,"href":"https:\/\/piaer.net\/en\/wp-json\/wp\/v2\/pages\/1021\/revisions\/2191"}],"wp:attachment":[{"href":"https:\/\/piaer.net\/en\/wp-json\/wp\/v2\/media?parent=1021"}],"curies":[{"name":"wp","href":"https:\/\/api.w.org\/{rel}","templated":true}]}}