{"id":883,"date":"2019-01-09T17:51:00","date_gmt":"2019-01-09T16:51:00","guid":{"rendered":"http:\/\/piaer.net\/?page_id=883"},"modified":"2019-03-31T18:05:43","modified_gmt":"2019-03-31T16:05:43","slug":"nachwuchsforschungstag","status":"publish","type":"page","link":"http:\/\/piaer.net\/en\/veranstaltungen\/nachwuchsforschungstag\/","title":{"rendered":"Nachwuchsforschungstag: &#8222;Postdigital&#8220;"},"content":{"rendered":"<p><strong>Postdigitale Kunst und Medienkultur<\/strong><\/p>\n<p><img loading=\"lazy\" decoding=\"async\" class=\"wp-image-899 alignleft\" src=\"http:\/\/piaer.net\/wp-content\/uploads\/2019\/01\/FINAL_Plakat_Nachwuchsforschungstag_Pantone-802C-213x300.jpg\" alt=\"\" width=\"333\" height=\"469\" srcset=\"https:\/\/piaer.net\/wp-content\/uploads\/2019\/01\/FINAL_Plakat_Nachwuchsforschungstag_Pantone-802C-213x300.jpg 213w, https:\/\/piaer.net\/wp-content\/uploads\/2019\/01\/FINAL_Plakat_Nachwuchsforschungstag_Pantone-802C-768x1080.jpg 768w, https:\/\/piaer.net\/wp-content\/uploads\/2019\/01\/FINAL_Plakat_Nachwuchsforschungstag_Pantone-802C-728x1024.jpg 728w, https:\/\/piaer.net\/wp-content\/uploads\/2019\/01\/FINAL_Plakat_Nachwuchsforschungstag_Pantone-802C-1050x1476.jpg 1050w, https:\/\/piaer.net\/wp-content\/uploads\/2019\/01\/FINAL_Plakat_Nachwuchsforschungstag_Pantone-802C-1600x2249.jpg 1600w\" sizes=\"auto, (max-width: 333px) 100vw, 333px\" \/>Vor dem Hintergrund fortschreitender Digitalisierung zeichnen sich in den letzten Jahrzehnten besonders in den Medien- und Kulturwissenschaften Versuche ab, strukturelle Ver\u00e4nderungen im Zusammenhang mit neuen Technologien auf sozialer und kultureller Ebene unter Bezug auf Begriffskonzepte wie \u201ePost-Internet\u201c und \u201ePost-Digital\u201c zu beschreiben. Der Pr\u00e4fix <em>&#8222;Post&#8220;<\/em> betont dabei die Allgegenwart digitaler Medien und steht als Marker f\u00fcr eine neue Qualit\u00e4t der Digitalit\u00e4t, die sich auf \u2013 oftmals wenig sichtbare \u2013 Transformationen des Digitalen in neue (Macht-)Strukturen bezieht (Cramer 2015). Im Vorfeld der Tagung <em> Because Internet.<\/em>\u00a0fand am 7.6.2018 ein durch das <a href=\"http:\/\/www.grimme-forschungskolleg.de\/\">Grimme-Forschungskolleg<\/a> gef\u00f6rderter Forschungstag f\u00fcr wissenschaftlichen Nachwuchs statt, der sich postdigitalen Theoriekontexten in drei gr\u00f6\u00dferen Bereichen widmete.<\/p>\n<p><strong>Postdigitale Gesellschaft<\/strong><br \/>\nWie sind soziale, politische, kulturelle Bedingungen zu beschreiben, die mit fortschreitenden Digitalisierungsprozessen einhergehen? Welche Parameter sind insbesondere f\u00fcr postdigitale, d.h. bereits verstetigte und tiefgreifende Effekte der Digitalisierung (Cramer 2015) wichtig und lassen sich als solche deskriptiv beschreiben? Welche sind spekulativ, prognostisch, normativ und m\u00f6glicherweise f\u00fcr zuk\u00fcnftige \u201an\u00e4chste Gesellschaft(en)\u2018 (Baecker 2007) charakteristisch und welche k\u00f6nnen Grundlage kunst- und medienp\u00e4dagogischer Forschung sein? (vgl. J\u00f6rissen 2015)<\/p>\n<p><strong>Postdigitale Kunst und Kultur<\/strong><br \/>\nWie wirken sich die neuen Rahmenbedingungen insbesondere auf k\u00fcnstlerische und kulturelle Praxen aus? Welche Aktualisierungen tradierter Begriffe bringen neue Formen kultureller Artikulationen hervor und wie manifestieren sich diese? Welche Formen der Auseinandersetzung finden K\u00fcnstler*innen mit neuen M\u00f6glichkeiten der Kommunikation und Interaktion vor dem Hintergrund ver\u00e4nderter Alltagspraxen? Wie werden die Themen und Fragen postdigitaler Gesellschaft hier exemplarisch verhandelt und welche (Reflexions-)Formen werden dabei verhandelt? (vgl. Cornell\/Halter 2015, B\u00fchler 2015)<\/p>\n<p><strong>Postdigitale Bildung<\/strong><br \/>\nWenn Wissen vor allem zwischen den Akteur*innen eines vernetzten Kollektivs gedacht wird (L\u00e9vy 2008), sich wom\u00f6glich die Zust\u00e4nde und Formen von Wissensstrukturen grunds\u00e4tzlich ver\u00e4ndern\/ver\u00e4ndert haben (Bunz 2012) und Bildungsinstitutionen mit \u201auneindeutigen Subjekten\u2018 (Schachtner\/Duller 2015) konfrontiert werden, m\u00fcssen auch Verh\u00e4ltnisse und Bedingungen von Bildung neu befragt werden. Welche bildungstheoretischen und gleicherma\u00dfen praxisrelevanten Anschl\u00fcsse sind im Kontext einer postdigitalen Gesellschaft \u2013 mit dem Fokus postdigitaler Medienkultur und Kunst \u2013 denkbar? (vgl. Meyer 2015, J\u00f6rissen 2015)<\/p>\n<p><strong>Initiator*innen und Veranstalter*innen:<\/strong> Kristin Klein &amp; Willy Noll<br \/>\n<strong>Critical Friends:<\/strong> Patrick Bettinger &amp; Konstanze Sch\u00fctze<br \/>\n<strong>In Kooperation mit<\/strong>: Harald Gapski (Grimme-Institut)<\/p>\n<p><strong>Programm<\/strong><\/p>\n<table id=\"tablepress-1\" class=\"tablepress tablepress-id-1\">\n<tbody class=\"row-hover\">\n<tr class=\"row-1\">\n<td class=\"column-1\" style=\"text-align: left;\">10:00<\/td>\n<td class=\"column-2\" style=\"text-align: left;\">Begr\u00fc\u00dfung &amp; Einf\u00fchrung<\/td>\n<\/tr>\n<tr class=\"row-2\">\n<td class=\"column-1\">10:20<\/td>\n<td class=\"column-2\" style=\"text-align: left;\">Stefanie Marlene Wenger: Post-digital Display. Eine Untersuchung von virtuellen und physischen Ausstellungssituationen zeitgen\u00f6ssischer Kunst mit Affordanzen zum Konsum<\/td>\n<\/tr>\n<tr class=\"row-3\">\n<td class=\"column-1\">11:20<\/td>\n<td class=\"column-2\" style=\"text-align: left;\">Pause<\/td>\n<\/tr>\n<tr class=\"row-4\">\n<td class=\"column-1\">11:35<\/td>\n<td class=\"column-2\" style=\"text-align: left;\">Magdalena G\u00f6tz: Post-Digital \u2013 Post-Partizipativ? Diskurse und Praktiken der (Post-)Partizipation in der aktuellen Medienkunst<\/td>\n<\/tr>\n<tr class=\"row-5\">\n<td class=\"column-1\">12:35<\/td>\n<td class=\"column-2\" style=\"text-align: left;\">Benjamin Egger: Algorithmisch gest\u00fctztes Kuratieren<\/td>\n<\/tr>\n<tr class=\"row-6\">\n<td class=\"column-1\">13:35<\/td>\n<td class=\"column-2\" style=\"text-align: left;\">Mittagspause<\/td>\n<\/tr>\n<tr class=\"row-7\">\n<td class=\"column-1\">14:15<\/td>\n<td class=\"column-2\" style=\"text-align: left;\">Ronja Friedrichs: Get Real! die postdigitale Skulptur<\/td>\n<\/tr>\n<tr class=\"row-8\">\n<td class=\"column-1\">15:15<\/td>\n<td class=\"column-2\" style=\"text-align: left;\">Katharina Weinstock: The Matter of the Web. Fundobjekte im postdigitalen Zeitalter?<\/td>\n<\/tr>\n<tr class=\"row-9\">\n<td class=\"column-1\" style=\"text-align: left;\">16:30<\/td>\n<td class=\"column-2\" style=\"text-align: left;\">Abschluss<\/td>\n<\/tr>\n<\/tbody>\n<\/table>\n<p><strong>Dokumentation der Vortr\u00e4ge<\/strong><br \/>\n<a href=\"http:\/\/piaer.net\/en\/tag\/nachwuchsforschungstag\/\">http:\/\/piaer.net\/tag\/nachwuchsforschungstag\/<\/a><\/p>\n<p><strong>Veranstaltungsort<\/strong><br \/>\nInstitut f\u00fcr Kunst und Kunsttheorie | Block B | .mbr<br \/>\nR 2.202 | Gronewaldstra\u00dfe 2 | K\u00f6ln<\/p>\n<p><img loading=\"lazy\" decoding=\"async\" class=\"alignnone size-medium wp-image-104\" src=\"http:\/\/kunst.uni-koeln.de\/becauseinternet\/wp-content\/uploads\/sites\/6\/2018\/03\/Grimme-Forschungskolleg_Logo-sRGB_gefoerdert-300x76.png\" alt=\"\" width=\"300\" height=\"76\" \/><\/p>\n<p><strong>Literatur<\/strong><br \/>\nBaecker, Dirk (2007): Studien zur n\u00e4chsten Gesellschaft. Suhrkamp: Frankfurt am Main.<br \/>\nB\u00fchler, Melanie (2015): No Internet, No Art. A Lunch Bytes Anthology. Onomatopee: Ohne Ort.<br \/>\nBunz, Mercedes (2012): Die stille Revolution: wie Algorithmen Wissen, Arbeit, \u00d6ffentlichkeit und Politik ver\u00e4ndern, ohne dabei viel L\u00e4rm zu machen. Suhrkamp: Berlin.<br \/>\nCornell, Lauren; Halter, Ed (2015): Mass Effect: Art and the Internet in the Twenty-First Century (Critical Anthologies in Art and Culture). The MIT Press: Cambridge\/London.<br \/>\nCramer, Florian (2015): What Is &#8218;Post-Digital&#8216;? In: APRJA. Online: <a href=\"http:\/\/www.aprja.net\/what-is-post-digital\/\">http:\/\/www.aprja.net\/what-is-post-digital\/<\/a> (20.3.2018).<br \/>\nJ\u00f6rissen, Benjamin (2015): Bildung, Medialit\u00e4t und die Kunst der Transgression. In: Meyer, Torsten; Kolb, Gila (Hg.): What\u2019s next? Art Education. Ein Reader. Kopaed: M\u00fcnchen.<br \/>\nL\u00e9vy, Pierre (2008): Menschliche Kollektivintelligenz bedeutet Symbolische Kollektivintelligenz. Ein Gespr\u00e4ch mit Klaus Neumann-Braun. In: Kunstforum international, Bd. 190\/2008, S. 72 \u2013 75.<br \/>\nSchachtner, Christina; Duller, Nicole (2015): Kommunikationsort Internet: Digitale Praktiken und Subjektwerdung. In: Carstensen, Tanja; Schachtner, Christina; Schelhowe, Heidi; Beer, Raphael (Hg.): Digitale Subjekte. Transcript: Bielefeld.<\/p>","protected":false},"excerpt":{"rendered":"<p>Postdigitale Kunst und Medienkultur Vor dem Hintergrund fortschreitender Digitalisierung zeichnen sich in den letzten Jahrzehnten besonders in den Medien- und Kulturwissenschaften Versuche ab, strukturelle Ver\u00e4nderungen im Zusammenhang mit neuen Technologien auf sozialer und kultureller Ebene unter Bezug auf Begriffskonzepte wie \u201ePost-Internet\u201c und \u201ePost-Digital\u201c zu beschreiben. Der Pr\u00e4fix &#8222;Post&#8220; betont dabei die Allgegenwart digitaler Medien und [&hellip;]<\/p>\n","protected":false},"author":5,"featured_media":0,"parent":208,"menu_order":0,"comment_status":"closed","ping_status":"closed","template":"","meta":{"_acf_changed":false,"footnotes":""},"class_list":["post-883","page","type-page","status-publish","hentry"],"acf":[],"jetpack_sharing_enabled":true,"_links":{"self":[{"href":"http:\/\/piaer.net\/en\/wp-json\/wp\/v2\/pages\/883","targetHints":{"allow":["GET"]}}],"collection":[{"href":"http:\/\/piaer.net\/en\/wp-json\/wp\/v2\/pages"}],"about":[{"href":"http:\/\/piaer.net\/en\/wp-json\/wp\/v2\/types\/page"}],"author":[{"embeddable":true,"href":"http:\/\/piaer.net\/en\/wp-json\/wp\/v2\/users\/5"}],"replies":[{"embeddable":true,"href":"http:\/\/piaer.net\/en\/wp-json\/wp\/v2\/comments?post=883"}],"version-history":[{"count":19,"href":"http:\/\/piaer.net\/en\/wp-json\/wp\/v2\/pages\/883\/revisions"}],"predecessor-version":[{"id":1040,"href":"http:\/\/piaer.net\/en\/wp-json\/wp\/v2\/pages\/883\/revisions\/1040"}],"up":[{"embeddable":true,"href":"http:\/\/piaer.net\/en\/wp-json\/wp\/v2\/pages\/208"}],"wp:attachment":[{"href":"http:\/\/piaer.net\/en\/wp-json\/wp\/v2\/media?parent=883"}],"curies":[{"name":"wp","href":"https:\/\/api.w.org\/{rel}","templated":true}]}}