{"id":212,"date":"2018-05-08T12:08:39","date_gmt":"2018-05-08T10:08:39","guid":{"rendered":"http:\/\/piaer.net\/?page_id=212"},"modified":"2019-09-07T12:43:33","modified_gmt":"2019-09-07T10:43:33","slug":"vortraege","status":"publish","type":"page","link":"http:\/\/piaer.net\/en\/vortraege\/","title":{"rendered":"Vortr\u00e4ge"},"content":{"rendered":"<div id=\"post-grid-lazy-242\" class=\"post-grid-lazy\"><img decoding=\"async\" alt=\"\" src=\"\" \/><\/div>\n    <script>\n      jQuery('#post-grid-lazy-242').ready(function($) {\n        $('#post-grid-lazy-242').fadeOut();\n        $('#post-grid-242   ').fadeIn();\n      })\n    <\/script>\n    <style type=\"text\/css\">\n      #post-grid-242 {\n        display: none;\n      }\n\n      .post-grid-lazy {\n        text-align: center;\n      }\n    <\/style>\n    <div data-options='{&quot;id&quot;:&quot;242&quot;,&quot;lazy_load&quot;:&quot;yes&quot;,&quot;masonry_enable&quot;:&quot;no&quot;,&quot;view_type&quot;:&quot;grid&quot;}' id=\"post-grid-242\" class=\"post-grid grid\">\n      <div class=\"post-grid-search ajax\">\n    <form grid_id=\"242\" action=\"http:\/\/piaer.net\/en\/vortraege\/\" method=\"get\" data-trp-original-action=\"http:\/\/piaer.net\/en\/vortraege\/\">\n        <div class=\"field-wrap field-wrap-keyword\">\n    <span class=\"search-icon\"><i class=\"fas fa-search\"><\/i><\/span>\n    <input grid_id=\"242\" title=\"Press enter to reset\" class=\"search\" type=\"text\" name=\"keyword\" placeholder=\"Start typing\" value=\"\">\n  <\/div>\n  <div class=\"field-wrap field-wrap-submit\">\n    <input type=\"hidden\" id=\"_wpnonce\" name=\"_wpnonce\" value=\"19490a85e4\" \/>    <input type=\"submit\" value=\"Search\">\n    <span class=\"search-loading\"><\/span>\n  <\/div>\n      <input type=\"hidden\" name=\"trp-form-language\" value=\"en\"\/><\/form>\n  <\/div>\n\n\n\n    <div class=\"grid-items\">\n      <div class=\"item item-2453 skin flip-x even 0\">\n        <div class=\"layer-wrapper layout-\">\n        <div class=\"layer-media\"><a href=\"http:\/\/piaer.net\/en\/vortrag-von-lilli-riettiens-am-02-11-2021-travelboomerang-zur-medienspezifischen-an-und-unter-ordnung-des-erblickten-anderen\/\"><img decoding=\"async\" alt=\"\" src=\"https:\/\/piaer.net\/wp-content\/uploads\/2021\/10\/Benoit-Dupont-Timesquare-CC-BY-NC-SA-2.0-1-300x201.jpg\" \/><\/a><\/div>\n  <div class=\"layer-content\">\n        <div class=\"element element_0  title\">\r\n                    <a target=\"\"\r\n                href=\"http:\/\/piaer.net\/en\/vortrag-von-lilli-riettiens-am-02-11-2021-travelboomerang-zur-medienspezifischen-an-und-unter-ordnung-des-erblickten-anderen\/\">Vortrag von Lilli Riettiens am 02.11.2021: #travelboomerang. Zur medienspezifischen An- und Unter-Ordnung des erblickten \u203aAnderen\u2039<\/a>\r\n            <\/div>\r\n            <a class=\"element element_1544544168479  read_more\"\r\n            target=\"_blank\"\r\n            href=\"http:\/\/piaer.net\/en\/vortrag-von-lilli-riettiens-am-02-11-2021-travelboomerang-zur-medienspezifischen-an-und-unter-ordnung-des-erblickten-anderen\/\"><\/a>\r\n      <\/div>\n    <\/div>\n  <\/div><div class=\"item item-2458 skin flip-x odd 1\">\n        <div class=\"layer-wrapper layout-\">\n        <div class=\"layer-media\"><a href=\"http:\/\/piaer.net\/en\/gastvortrag-von-judith-ackermann-am-28-10-2021-bildung-politik-und-performance-als-60sek-dauerschleife\/\"><img decoding=\"async\" alt=\"\" src=\"https:\/\/piaer.net\/wp-content\/uploads\/2021\/10\/Abb2_Hashtags_Ausschnitt-300x191.jpg\" \/><\/a><\/div>\n  <div class=\"layer-content\">\n        <div class=\"element element_0  title\">\r\n                    <a target=\"\"\r\n                href=\"http:\/\/piaer.net\/en\/gastvortrag-von-judith-ackermann-am-28-10-2021-bildung-politik-und-performance-als-60sek-dauerschleife\/\">Gastvortrag von Judith Ackermann am 28.10.2021: Bildung, Politik und Performance als 60sek-Dauerschleife?<\/a>\r\n            <\/div>\r\n            <a class=\"element element_1544544168479  read_more\"\r\n            target=\"_blank\"\r\n            href=\"http:\/\/piaer.net\/en\/gastvortrag-von-judith-ackermann-am-28-10-2021-bildung-politik-und-performance-als-60sek-dauerschleife\/\"><\/a>\r\n      <\/div>\n    <\/div>\n  <\/div><div class=\"item item-2462 skin flip-x even 2\">\n        <div class=\"layer-wrapper layout-\">\n        <div class=\"layer-media\"><a href=\"http:\/\/piaer.net\/en\/vortrag-von-francesca-schmidt-am-19-10-2021-digitalisierung-feministisch-gestalten\/\"><img decoding=\"async\" alt=\"\" src=\"https:\/\/piaer.net\/wp-content\/uploads\/2021\/10\/photo-1583474884909-230dac058b63-1024x768-1-300x225.webp\" \/><\/a><\/div>\n  <div class=\"layer-content\">\n        <div class=\"element element_0  title\">\r\n                    <a target=\"\"\r\n                href=\"http:\/\/piaer.net\/en\/vortrag-von-francesca-schmidt-am-19-10-2021-digitalisierung-feministisch-gestalten\/\">Vortrag von Francesca Schmidt am 19.10.2021: Digitalisierung feministisch gestalten<\/a>\r\n            <\/div>\r\n            <a class=\"element element_1544544168479  read_more\"\r\n            target=\"_blank\"\r\n            href=\"http:\/\/piaer.net\/en\/vortrag-von-francesca-schmidt-am-19-10-2021-digitalisierung-feministisch-gestalten\/\"><\/a>\r\n      <\/div>\n    <\/div>\n  <\/div><div class=\"item item-2020 skin flip-x odd 3\">\n        <div class=\"layer-wrapper layout-\">\n        <div class=\"layer-media\"><a href=\"http:\/\/piaer.net\/en\/vortrag-von-melt-loren-britton-isabel-paehr-am-01-06-2021-fusing-access-oozing-barriers-transcrip-worlding-as-praxis\/\"><img decoding=\"async\" alt=\"\" src=\"https:\/\/piaer.net\/wp-content\/uploads\/2021\/06\/Screenshot-77-300x169.png\" \/><\/a><\/div>\n  <div class=\"layer-content\">\n        <div class=\"element element_0  title\">\r\n                    <a target=\"\"\r\n                href=\"http:\/\/piaer.net\/en\/vortrag-von-melt-loren-britton-isabel-paehr-am-01-06-2021-fusing-access-oozing-barriers-transcrip-worlding-as-praxis\/\">Vortrag von MELT (Loren Britton &amp; Isabel Paehr) am 01.06.2021: Fusing access, oozing barriers: trans*crip worlding as praxis<\/a>\r\n            <\/div>\r\n            <a class=\"element element_1544544168479  read_more\"\r\n            target=\"_blank\"\r\n            href=\"http:\/\/piaer.net\/en\/vortrag-von-melt-loren-britton-isabel-paehr-am-01-06-2021-fusing-access-oozing-barriers-transcrip-worlding-as-praxis\/\"><\/a>\r\n      <\/div>\n    <\/div>\n  <\/div><div class=\"item item-2466 skin flip-x even 4\">\n        <div class=\"layer-wrapper layout-\">\n        <div class=\"layer-media\"><a href=\"http:\/\/piaer.net\/en\/vortrag-von-torsten-meyer-am-12-05-2021-ein-neues-sujet-fuer-kunstpaedagogik-und-aesthetische-bildung-2\/\"><img decoding=\"async\" alt=\"\" src=\"https:\/\/piaer.net\/wp-content\/uploads\/2021\/05\/tumblr_n7djtraVDn1qan7oxo1_1280-e1619702667922-300x169.jpg\" \/><\/a><\/div>\n  <div class=\"layer-content\">\n        <div class=\"element element_0  title\">\r\n                    <a target=\"\"\r\n                href=\"http:\/\/piaer.net\/en\/vortrag-von-torsten-meyer-am-12-05-2021-ein-neues-sujet-fuer-kunstpaedagogik-und-aesthetische-bildung-2\/\">Vortrag von Torsten Meyer am 12.05.2021: Ein neues Sujet f\u00fcr Kunstp\u00e4dagogik und \u00c4sthetische Bildung<\/a>\r\n            <\/div>\r\n            <a class=\"element element_1544544168479  read_more\"\r\n            target=\"_blank\"\r\n            href=\"http:\/\/piaer.net\/en\/vortrag-von-torsten-meyer-am-12-05-2021-ein-neues-sujet-fuer-kunstpaedagogik-und-aesthetische-bildung-2\/\"><\/a>\r\n      <\/div>\n    <\/div>\n  <\/div><div class=\"item item-2036 skin flip-x odd 5\">\n        <div class=\"layer-wrapper layout-\">\n        <div class=\"layer-media\"><a href=\"http:\/\/piaer.net\/en\/vortrag-von-natalie-loveless-am-12-05-2021-situated-practices-in-precarious-times\/\"><img decoding=\"async\" alt=\"\" src=\"https:\/\/piaer.net\/wp-content\/uploads\/2021\/06\/Screenshot-78-300x169.png\" \/><\/a><\/div>\n  <div class=\"layer-content\">\n        <div class=\"element element_0  title\">\r\n                    <a target=\"\"\r\n                href=\"http:\/\/piaer.net\/en\/vortrag-von-natalie-loveless-am-12-05-2021-situated-practices-in-precarious-times\/\">Vortrag von Natalie Loveless am 12.05.2021: Situated Practices in Precarious Times<\/a>\r\n            <\/div>\r\n            <a class=\"element element_1544544168479  read_more\"\r\n            target=\"_blank\"\r\n            href=\"http:\/\/piaer.net\/en\/vortrag-von-natalie-loveless-am-12-05-2021-situated-practices-in-precarious-times\/\"><\/a>\r\n      <\/div>\n    <\/div>\n  <\/div><div class=\"item item-2176 skin flip-x even 6\">\n        <div class=\"layer-wrapper layout-\">\n        <div class=\"layer-media\"><a href=\"http:\/\/piaer.net\/en\/vortrag-von-manuel-zahn-am-20-01-2021-remix-arts-education-2\/\"><img decoding=\"async\" alt=\"\" src=\"https:\/\/piaer.net\/wp-content\/uploads\/2021\/09\/Screenshot-2021-09-30-at-11-04-13-Manuel-Zahn-Remix-Arts-Education-e1632992681792-300x194.png\" \/><\/a><\/div>\n  <div class=\"layer-content\">\n        <div class=\"element element_0  title\">\r\n                    <a target=\"\"\r\n                href=\"http:\/\/piaer.net\/en\/vortrag-von-manuel-zahn-am-20-01-2021-remix-arts-education-2\/\">Vortrag von Manuel Zahn am 20.01.2021: Remix Art(s) Education<\/a>\r\n            <\/div>\r\n            <a class=\"element element_1544544168479  read_more\"\r\n            target=\"_blank\"\r\n            href=\"http:\/\/piaer.net\/en\/vortrag-von-manuel-zahn-am-20-01-2021-remix-arts-education-2\/\"><\/a>\r\n      <\/div>\n    <\/div>\n  <\/div><div class=\"item item-1874 skin flip-x odd 7\">\n        <div class=\"layer-wrapper layout-\">\n        <div class=\"layer-media\"><a href=\"http:\/\/piaer.net\/en\/vortrag-von-josephine-schmitt-am-27-11-2020-die-rolle-des-youtube-empfehlungsalgorithmus-fuer-den-kontakt-mit-extremistischen-inhalten\/\"><img decoding=\"async\" alt=\"\" src=\"https:\/\/piaer.net\/wp-content\/uploads\/2021\/02\/Screenshot-44-300x169.png\" \/><\/a><\/div>\n  <div class=\"layer-content\">\n        <div class=\"element element_0  title\">\r\n                    <a target=\"\"\r\n                href=\"http:\/\/piaer.net\/en\/vortrag-von-josephine-schmitt-am-27-11-2020-die-rolle-des-youtube-empfehlungsalgorithmus-fuer-den-kontakt-mit-extremistischen-inhalten\/\">Vortrag von Josephine Schmitt am 27.11.2020: Die Rolle des YouTube-Empfehlungsalgorithmus f\u00fcr den Kontakt mit extremistischen Inhalten<\/a>\r\n            <\/div>\r\n            <a class=\"element element_1544544168479  read_more\"\r\n            target=\"_blank\"\r\n            href=\"http:\/\/piaer.net\/en\/vortrag-von-josephine-schmitt-am-27-11-2020-die-rolle-des-youtube-empfehlungsalgorithmus-fuer-den-kontakt-mit-extremistischen-inhalten\/\"><\/a>\r\n      <\/div>\n    <\/div>\n  <\/div><div class=\"item item-1853 skin flip-x even 8\">\n        <div class=\"layer-wrapper layout-\">\n        <div class=\"layer-media\"><a href=\"http:\/\/piaer.net\/en\/vortrag-von-antje-winkler-am-25-11-2020-postdigitale-schauplaetze-und-ihr-politisches-potenzial\/\"><img decoding=\"async\" alt=\"\" src=\"https:\/\/piaer.net\/wp-content\/uploads\/2021\/01\/Screenshot-34-300x169.png\" \/><\/a><\/div>\n  <div class=\"layer-content\">\n        <div class=\"element element_0  title\">\r\n                    <a target=\"\"\r\n                href=\"http:\/\/piaer.net\/en\/vortrag-von-antje-winkler-am-25-11-2020-postdigitale-schauplaetze-und-ihr-politisches-potenzial\/\">Vortrag von Antje Winkler am 25.11.2020: Postdigitale Schaupl\u00e4tze und ihr politisches Potenzial<\/a>\r\n            <\/div>\r\n            <a class=\"element element_1544544168479  read_more\"\r\n            target=\"_blank\"\r\n            href=\"http:\/\/piaer.net\/en\/vortrag-von-antje-winkler-am-25-11-2020-postdigitale-schauplaetze-und-ihr-politisches-potenzial\/\"><\/a>\r\n      <\/div>\n    <\/div>\n  <\/div><div class=\"item item-1909 skin flip-x odd 9\">\n        <div class=\"layer-wrapper layout-\">\n        <div class=\"layer-media\"><a href=\"http:\/\/piaer.net\/en\/vortrag-von-christian-katzenbach-am-25-11-2020-regulierung-durch-algorithmen\/\"><img decoding=\"async\" alt=\"\" src=\"https:\/\/piaer.net\/wp-content\/uploads\/2021\/04\/Screenshot-54-300x169.png\" \/><\/a><\/div>\n  <div class=\"layer-content\">\n        <div class=\"element element_0  title\">\r\n                    <a target=\"\"\r\n                href=\"http:\/\/piaer.net\/en\/vortrag-von-christian-katzenbach-am-25-11-2020-regulierung-durch-algorithmen\/\">Vortrag von Christian Katzenbach am 25.11.2020: Regulierung \u201edurch\u201c Algorithmen?<\/a>\r\n            <\/div>\r\n            <a class=\"element element_1544544168479  read_more\"\r\n            target=\"_blank\"\r\n            href=\"http:\/\/piaer.net\/en\/vortrag-von-christian-katzenbach-am-25-11-2020-regulierung-durch-algorithmen\/\"><\/a>\r\n      <\/div>\n    <\/div>\n  <\/div><div class=\"item item-1637 skin flip-x even 10\">\n        <div class=\"layer-wrapper layout-\">\n        <div class=\"layer-media\"><a href=\"http:\/\/piaer.net\/en\/vortrag-von-felicitas-macgilchrist-am-21-01-20-datafizierte-schulen-datenpraktiken-und-designentscheidungen-in-der-schule\/\"><img decoding=\"async\" alt=\"\" src=\"https:\/\/piaer.net\/wp-content\/uploads\/2020\/05\/Screenshot-22-300x169.png\" \/><\/a><\/div>\n  <div class=\"layer-content\">\n        <div class=\"element element_0  title\">\r\n                    <a target=\"\"\r\n                href=\"http:\/\/piaer.net\/en\/vortrag-von-felicitas-macgilchrist-am-21-01-20-datafizierte-schulen-datenpraktiken-und-designentscheidungen-in-der-schule\/\">Vortrag von Felicitas Macgilchrist am 21.01.20: Datafizierte Schulen? Datenpraktiken und Designentscheidungen in der Schule<\/a>\r\n            <\/div>\r\n            <a class=\"element element_1544544168479  read_more\"\r\n            target=\"_blank\"\r\n            href=\"http:\/\/piaer.net\/en\/vortrag-von-felicitas-macgilchrist-am-21-01-20-datafizierte-schulen-datenpraktiken-und-designentscheidungen-in-der-schule\/\"><\/a>\r\n      <\/div>\n    <\/div>\n  <\/div><div class=\"item item-1581 skin flip-x odd 11\">\n        <div class=\"layer-wrapper layout-\">\n        <div class=\"layer-media\"><a href=\"http:\/\/piaer.net\/en\/vortrag-von-niclas-stockel-am-17-12-2019-quo-vadis-musikvideo-forschung-2\/\"><img decoding=\"async\" alt=\"\" src=\"https:\/\/piaer.net\/wp-content\/uploads\/2020\/04\/Screenshot-8-300x169.png\" \/><\/a><\/div>\n  <div class=\"layer-content\">\n        <div class=\"element element_0  title\">\r\n                    <a target=\"\"\r\n                href=\"http:\/\/piaer.net\/en\/vortrag-von-niclas-stockel-am-17-12-2019-quo-vadis-musikvideo-forschung-2\/\">Vortrag von Niclas Stockel am 17.12.2019: Quo vadis, Musikvideo(-forschung)?<\/a>\r\n            <\/div>\r\n            <a class=\"element element_1544544168479  read_more\"\r\n            target=\"_blank\"\r\n            href=\"http:\/\/piaer.net\/en\/vortrag-von-niclas-stockel-am-17-12-2019-quo-vadis-musikvideo-forschung-2\/\"><\/a>\r\n      <\/div>\n    <\/div>\n  <\/div>    <\/div>\n    <div class=\"pagination\">\n      <div class=\"paginate\">\n    <span aria-current=\"page\" class=\"page-numbers current\">1<\/span>\n<a class=\"page-numbers\" href=\"http:\/\/piaer.net\/en\/wp-json\/wp\/v2\/pages\/212\/page\/2\/\">2<\/a>\n<a class=\"page-numbers\" href=\"http:\/\/piaer.net\/en\/wp-json\/wp\/v2\/pages\/212\/page\/3\/\">3<\/a>\n<span class=\"page-numbers dots\">&hellip;<\/span>\n<a class=\"page-numbers\" href=\"http:\/\/piaer.net\/en\/wp-json\/wp\/v2\/pages\/212\/page\/6\/\">6<\/a>\n<a class=\"next page-numbers\" href=\"http:\/\/piaer.net\/en\/wp-json\/wp\/v2\/pages\/212\/page\/2\/\">Next \u00bb<\/a>  <\/div>\n  <style type=\"text\/css\">\n    #post-grid-242 .pagination .page-numbers {\n      font-size: 16px;\n      color: #fff;\n      background: #646464;\n    }\n\n    #post-grid-242 .pagination .page-numbers:hover,\n    #post-grid-242 .pagination .page-numbers.current {\n      background: #4b4b4b;\n    }\n  <\/style>\n  <\/div>\n      <style type=\"text\/css\">\n      \/*Write your CSS code here*\/    <\/style>\n      <script>\n          \/*Write your js code here*\/          <\/script>\n    <style type=\"text\/css\">\n    #post-grid-242 .element_0 {\n      font-size:12px;display:block;padding:10px;    }\n\n    #post-grid-242 .element_1544544168479 {\n      font-size:12px;display:block;padding:10px;    }\n\n    #post-grid-242 .element_0:hover{}#post-grid-242 .element_1544544168479:hover{}  <\/style>\n  <style type=\"text\/css\">\n    #post-grid-242 {\n      padding: 10px;\n      background-color: #fff;\n          }\n\n    #post-grid-242 .item {\n      padding: 0px;\n      background: #ffffff;\n          }\n\n    #post-grid-242 .item .layer-media {\n      height:auto;    }\n\n    @media only screen and (min-width: 0px) and (max-width: 767px) {\n      #post-grid-242 .grid-items {\n        text-align: center;\n              }\n\n      #post-grid-242 .item {\n        width: 90%;\n        margin: 10px;\n        display: inline-block;\n        vertical-align: top;\n        max-height:150px;      }\n    }\n\n    @media only screen and (min-width: 768px) and (max-width: 1023px) {\n      #post-grid-242 .grid-items {\n        text-align: center;\n              }\n\n      #post-grid-242 .item {\n        width: 280px;\n        margin: 10px;\n        display: inline-block;\n        vertical-align: top;\n        max-height:auto;      }\n    }\n\n    @media only screen and (min-width: 1024px) {\n      #post-grid-242 .grid-items {\n        text-align: center;\n              }\n\n      #post-grid-242 .item {\n        width: 280px;\n        display: inline-block;\n        margin: 10px;\n        vertical-align: top;\n        max-height:150px;      }\n    }\n\n      <\/style>\n  <\/div>","protected":false},"excerpt":{"rendered":"","protected":false},"author":2,"featured_media":0,"parent":0,"menu_order":0,"comment_status":"closed","ping_status":"closed","template":"","meta":{"_acf_changed":false,"footnotes":""},"class_list":["post-212","page","type-page","status-publish","hentry"],"acf":[],"jetpack_sharing_enabled":true,"_links":{"self":[{"href":"http:\/\/piaer.net\/en\/wp-json\/wp\/v2\/pages\/212","targetHints":{"allow":["GET"]}}],"collection":[{"href":"http:\/\/piaer.net\/en\/wp-json\/wp\/v2\/pages"}],"about":[{"href":"http:\/\/piaer.net\/en\/wp-json\/wp\/v2\/types\/page"}],"author":[{"embeddable":true,"href":"http:\/\/piaer.net\/en\/wp-json\/wp\/v2\/users\/2"}],"replies":[{"embeddable":true,"href":"http:\/\/piaer.net\/en\/wp-json\/wp\/v2\/comments?post=212"}],"version-history":[{"count":4,"href":"http:\/\/piaer.net\/en\/wp-json\/wp\/v2\/pages\/212\/revisions"}],"predecessor-version":[{"id":1275,"href":"http:\/\/piaer.net\/en\/wp-json\/wp\/v2\/pages\/212\/revisions\/1275"}],"wp:attachment":[{"href":"http:\/\/piaer.net\/en\/wp-json\/wp\/v2\/media?parent=212"}],"curies":[{"name":"wp","href":"https:\/\/api.w.org\/{rel}","templated":true}]}}