{"id":10,"date":"2018-04-23T23:02:35","date_gmt":"2018-04-23T21:02:35","guid":{"rendered":"http:\/\/piaer.net\/?page_id=10"},"modified":"2019-04-15T16:58:00","modified_gmt":"2019-04-15T14:58:00","slug":"impressum","status":"publish","type":"page","link":"http:\/\/piaer.net\/en\/impressum\/","title":{"rendered":"Impressum"},"content":{"rendered":"<p>Imprint<\/p>\n<p>\u00a9 2019 <a href=\"http:\/\/piaer.net\/en\/\">piaer.net\/<\/a><\/p>\n<p>Institut f\u00fcr Kunst &amp; Kunsttheorie, Prof. Dr. Torsten Meyer<br \/>\nAnbieterkennzeichnung im Sinne des \u00a7 5 TMG:<br \/>\nDer unter piaer.net abrufbare Telemediendienst ist ein Angebot der Universit\u00e4t zu K\u00f6ln, Institut f\u00fcr Kunst &amp; Kunsttheorie,<br \/>\nGronewaldstr. 2, D-50931 K\u00f6ln<br \/>\n<a href=\"http:\/\/kunst.uni-koeln.de\">http:\/\/kunst.uni-koeln.de<\/a><br \/>\nVerantwortlich: Prof. Dr. Torsten Meyer<br \/>\n<a href=\"mailto:t.meyer@uni-koeln.de\">t.meyer@uni-koeln.de<\/a><\/p>","protected":false},"excerpt":{"rendered":"<p>Imprint \u00a9 2019 piaer.net\/ Institut f\u00fcr Kunst &amp; Kunsttheorie, Prof. Dr. Torsten Meyer Anbieterkennzeichnung im Sinne des \u00a7 5 TMG: Der unter piaer.net abrufbare Telemediendienst ist ein Angebot der Universit\u00e4t zu K\u00f6ln, Institut f\u00fcr Kunst &amp; Kunsttheorie, Gronewaldstr. 2, D-50931 K\u00f6ln http:\/\/kunst.uni-koeln.de Verantwortlich: Prof. Dr. Torsten Meyer t.meyer@uni-koeln.de<\/p>","protected":false},"author":2,"featured_media":0,"parent":0,"menu_order":0,"comment_status":"closed","ping_status":"closed","template":"","meta":{"_acf_changed":false,"footnotes":""},"class_list":["post-10","page","type-page","status-publish","hentry"],"acf":[],"jetpack_sharing_enabled":true,"_links":{"self":[{"href":"http:\/\/piaer.net\/en\/wp-json\/wp\/v2\/pages\/10","targetHints":{"allow":["GET"]}}],"collection":[{"href":"http:\/\/piaer.net\/en\/wp-json\/wp\/v2\/pages"}],"about":[{"href":"http:\/\/piaer.net\/en\/wp-json\/wp\/v2\/types\/page"}],"author":[{"embeddable":true,"href":"http:\/\/piaer.net\/en\/wp-json\/wp\/v2\/users\/2"}],"replies":[{"embeddable":true,"href":"http:\/\/piaer.net\/en\/wp-json\/wp\/v2\/comments?post=10"}],"version-history":[{"count":7,"href":"http:\/\/piaer.net\/en\/wp-json\/wp\/v2\/pages\/10\/revisions"}],"predecessor-version":[{"id":1093,"href":"http:\/\/piaer.net\/en\/wp-json\/wp\/v2\/pages\/10\/revisions\/1093"}],"wp:attachment":[{"href":"http:\/\/piaer.net\/en\/wp-json\/wp\/v2\/media?parent=10"}],"curies":[{"name":"wp","href":"https:\/\/api.w.org\/{rel}","templated":true}]}}